{"id":169,"date":"2017-10-23T08:54:20","date_gmt":"2017-10-23T06:54:20","guid":{"rendered":"http:\/\/www.andrianerhof.com\/?page_id=169\/"},"modified":"2017-10-23T08:54:30","modified_gmt":"2017-10-23T06:54:30","slug":"richiesta-disponibilita","status":"publish","type":"page","link":"https:\/\/www.andrianerhof.com\/it\/richiesta-disponibilita\/","title":{"rendered":"Richiesta disponibilit\u00e1"},"content":{"rendered":"<h1>Richiesta disponibilit\u00e1 ed informazioni<\/h1>\n<p>Per richieste di disponibilit\u00e0 o informazioni riguardanti la nostra casa Vi preghiamo di compilare i campi sottostanti. Le risponderemo il prima possibile.<\/p>\n<p>Grazie per il Suo interesse per il nostro albergo!<\/p>\n\n<div class=\"wpcf7 no-js\" id=\"wpcf7-f58-o1\" lang=\"de-DE\" dir=\"ltr\" data-wpcf7-id=\"58\">\n<div class=\"screen-reader-response\"><p role=\"status\" aria-live=\"polite\" aria-atomic=\"true\"><\/p> <ul><\/ul><\/div>\n<form action=\"\/it\/wp-json\/wp\/v2\/pages\/169#wpcf7-f58-o1\" method=\"post\" class=\"wpcf7-form init\" aria-label=\"Contact form\" novalidate=\"novalidate\" data-status=\"init\">\n<fieldset class=\"hidden-fields-container\"><input type=\"hidden\" name=\"_wpcf7\" value=\"58\" \/><input type=\"hidden\" name=\"_wpcf7_version\" value=\"6.1.5\" \/><input type=\"hidden\" name=\"_wpcf7_locale\" value=\"de_DE\" \/><input type=\"hidden\" name=\"_wpcf7_unit_tag\" value=\"wpcf7-f58-o1\" \/><input type=\"hidden\" name=\"_wpcf7_container_post\" value=\"0\" \/><input type=\"hidden\" name=\"_wpcf7_posted_data_hash\" value=\"\" \/><input type=\"hidden\" name=\"_wpcf7dtx_version\" value=\"5.0.5\" \/>\n<\/fieldset>\n<div class=\"row\">\n\t<div class=\"col-xs-12 col-sm-4\">\n\t\t<p><label>Nome *<\/label>\n\t\t<\/p>\n\t<\/div>\n\t<div class=\"col-xs-12 col-sm-8\">\n\t\t<p><span class=\"wpcf7-form-control-wrap\" data-name=\"vorname\"><input size=\"40\" maxlength=\"400\" class=\"wpcf7-form-control wpcf7-text wpcf7-validates-as-required\" aria-required=\"true\" aria-invalid=\"false\" placeholder=\"Nome *\" value=\"\" type=\"text\" name=\"vorname\" \/><\/span>\n\t\t<\/p>\n\t<\/div>\n<\/div>\n<div class=\"row\">\n\t<div class=\"col-xs-12 col-sm-4\">\n\t\t<p><label>Cognome *<\/label>\n\t\t<\/p>\n\t<\/div>\n\t<div class=\"col-xs-12 col-sm-8\">\n\t\t<p><span class=\"wpcf7-form-control-wrap\" data-name=\"nachname\"><input size=\"40\" maxlength=\"400\" class=\"wpcf7-form-control wpcf7-text wpcf7-validates-as-required\" aria-required=\"true\" aria-invalid=\"false\" placeholder=\"Cognome *\" value=\"\" type=\"text\" name=\"nachname\" \/><\/span>\n\t\t<\/p>\n\t<\/div>\n<\/div>\n<div class=\"input-daterange\">\n\t<div class=\"row\">\n\t\t<div class=\"col-xs-12 col-sm-4\">\n\t\t\t<p><label>Arrivo *<\/label>\n\t\t\t<\/p>\n\t\t<\/div>\n\t\t<div class=\"col-xs-12 col-sm-8\">\n\t\t\t<p><span class=\"wpcf7-form-control-wrap anreise\" data-name=\"anreise\"><input type=\"text\" name=\"anreise\" class=\"wpcf7-form-control wpcf7-text wpcf7dtx wpcf7dtx-text has-datepicker\" aria-invalid=\"false\" required=\"required\"><\/span>\n\t\t\t<\/p>\n\t\t<\/div>\n\t<\/div>\n\t<div class=\"input-daterange\">\n\t\t<div class=\"row\">\n\t\t\t<div class=\"col-xs-12 col-sm-4\">\n\t\t\t\t<p><label>Partenza *<\/label>\n\t\t\t\t<\/p>\n\t\t\t<\/div>\n\t\t\t<div class=\"col-xs-12 col-sm-8\">\n\t\t\t\t<p><span class=\"wpcf7-form-control-wrap abreise\" data-name=\"abreise\"><input type=\"text\" name=\"abreise\" class=\"wpcf7-form-control wpcf7-text wpcf7dtx wpcf7dtx-text has-datepicker\" aria-invalid=\"false\" required=\"required\"><\/span>\n\t\t\t\t<\/p>\n\t\t\t<\/div>\n\t\t<\/div>\n\t<\/div>\n\t<div class=\"input-daterange\">\n\t\t<div class=\"row\">\n\t\t\t<div class=\"col-xs-12 col-sm-4\">\n\t\t\t\t<p><label>Citt\u00e0<\/label>\n\t\t\t\t<\/p>\n\t\t\t<\/div>\n\t\t\t<div class=\"col-xs-12 col-sm-8\">\n\t\t\t\t<p><span class=\"wpcf7-form-control-wrap\" data-name=\"ort\"><input size=\"40\" maxlength=\"400\" class=\"wpcf7-form-control wpcf7-text\" aria-invalid=\"false\" placeholder=\"Citt\u00e0\" value=\"\" type=\"text\" name=\"ort\" \/><\/span>\n\t\t\t\t<\/p>\n\t\t\t<\/div>\n\t\t<\/div>\n\t\t<div class=\"row\">\n\t\t\t<div class=\"col-xs-12 col-sm-4\">\n\t\t\t\t<p><label>Paese<\/label>\n\t\t\t\t<\/p>\n\t\t\t<\/div>\n\t\t\t<div class=\"col-xs-12 col-sm-8\">\n\t\t\t\t<p><span class=\"wpcf7-form-control-wrap\" data-name=\"land\"><input size=\"40\" maxlength=\"400\" class=\"wpcf7-form-control wpcf7-text\" aria-invalid=\"false\" placeholder=\"Paese\" value=\"\" type=\"text\" name=\"land\" \/><\/span>\n\t\t\t\t<\/p>\n\t\t\t<\/div>\n\t\t<\/div>\n\t\t<div class=\"row\">\n\t\t\t<div class=\"col-xs-12 col-sm-4\">\n\t\t\t\t<p><label>E-Mail *<\/label>\n\t\t\t\t<\/p>\n\t\t\t<\/div>\n\t\t\t<div class=\"col-xs-12 col-sm-8\">\n\t\t\t\t<p><span class=\"wpcf7-form-control-wrap\" data-name=\"email\"><input size=\"40\" maxlength=\"400\" class=\"wpcf7-form-control wpcf7-email wpcf7-validates-as-required wpcf7-text wpcf7-validates-as-email\" aria-required=\"true\" aria-invalid=\"false\" value=\"\" type=\"email\" name=\"email\" \/><\/span>\n\t\t\t\t<\/p>\n\t\t\t<\/div>\n\t\t<\/div>\n\t\t<div class=\"row\">\n\t\t\t<div class=\"col-xs-12 col-sm-6\">\n\t\t\t\t<p><label>Adulti *<\/label><br \/>\n<span class=\"wpcf7-form-control-wrap\" data-name=\"erwachsene\"><select class=\"wpcf7-form-control wpcf7-select wpcf7-validates-as-required\" aria-required=\"true\" aria-invalid=\"false\" name=\"erwachsene\"><option value=\"1\">1<\/option><option value=\"2\">2<\/option><option value=\"3\">3<\/option><option value=\"4\">4<\/option><option value=\"5\">5<\/option><option value=\"6\">6<\/option><option value=\"7\">7<\/option><\/select><\/span>\n\t\t\t\t<\/p>\n\t\t\t<\/div>\n\t\t\t<div class=\"col-xs-12 col-sm-6\">\n\t\t\t\t<p><label>Bambini *<\/label><br \/>\n<span class=\"wpcf7-form-control-wrap\" data-name=\"kinder\"><select class=\"wpcf7-form-control wpcf7-select\" aria-invalid=\"false\" name=\"kinder\"><option value=\"0\">0<\/option><option value=\"1\">1<\/option><option value=\"2\">2<\/option><option value=\"3\">3<\/option><option value=\"4\">4<\/option><\/select><\/span>\n\t\t\t\t<\/p>\n\t\t\t<\/div>\n\t\t<\/div>\n\t\t<div id=\"child-age-container\">\n\t\t\t<p><label>Et\u00e0 dei bambini<\/label>&nbsp;&nbsp;<span class=\"wpcf7-form-control-wrap\" data-name=\"childrens_age\"><select class=\"wpcf7-form-control wpcf7-select\" aria-invalid=\"false\" name=\"childrens_age\"><option value=\"0\">0<\/option><option value=\"1\">1<\/option><option value=\"2\">2<\/option><option value=\"3\">3<\/option><option value=\"4\">4<\/option><option value=\"5\">5<\/option><option value=\"6\">6<\/option><option value=\"7\">7<\/option><option value=\"8\">8<\/option><option value=\"9\">9<\/option><option value=\"10\">10<\/option><option value=\"11\">11<\/option><option value=\"12\">12<\/option><option value=\"13\">13<\/option><option value=\"14\">14<\/option><option value=\"15\">15<\/option><option value=\"16\">16<\/option><option value=\"17\">17<\/option><\/select><\/span>\n\t\t\t<\/p>\n\t\t<\/div>\n\t\t<div class=\"row\">\n\t\t\t<div class=\"col-xs-12 col-sm-4\">\n\t\t\t\t<p><label>Messaggio<\/label>\n\t\t\t\t<\/p>\n\t\t\t<\/div>\n\t\t\t<div class=\"col-xs-12 col-sm-8\">\n\t\t\t\t<p><span class=\"wpcf7-form-control-wrap\" data-name=\"nachricht\"><textarea cols=\"40\" rows=\"10\" maxlength=\"2000\" class=\"wpcf7-form-control wpcf7-textarea\" aria-invalid=\"false\" placeholder=\"Messaggio\" name=\"nachricht\"><\/textarea><\/span>\n\t\t\t\t<\/p>\n\t\t\t<\/div>\n\t\t<\/div>\n\t\t<p>I campi contrassegnati con * sono obbligatori e devono essere compilati.\n\t\t<\/p>\n\t\t<p>I dati saranno trattati ai sensi del decreto sostitutivo. 196\/2003.\n\t\t<\/p>\n\t\t<p><input class=\"wpcf7-form-control wpcf7-submit has-spinner\" type=\"submit\" value=\"Invia adesso!\" \/>\n\t\t<\/p>\n\t<span class=\"wpcf7-form-control-wrap room\" data-name=\"room\"><input type=\"hidden\" name=\"room\" class=\"wpcf7-form-control wpcf7-hidden wpcf7dtx wpcf7dtx-hidden\" aria-invalid=\"false\"><\/span>\n\t<span class=\"wpcf7-form-control-wrap offer\" data-name=\"offer\"><input type=\"hidden\" name=\"offer\" class=\"wpcf7-form-control wpcf7-hidden wpcf7dtx wpcf7dtx-hidden\" aria-invalid=\"false\"><\/span>\n\t\t<p>\n\t\t<\/p>\n\t<\/div>\n<\/div><div class=\"wpcf7-response-output\" aria-hidden=\"true\"><\/div>\n<\/form>\n<\/div>\n\n","protected":false},"excerpt":{"rendered":"Richiesta disponibilit\u00e1 ed informazioni Per richieste di disponibilit\u00e0 o informazioni riguardanti la nostra casa Vi preghiamo di compilare i campi sottostanti. Le risponderemo il prima possibile. Grazie per il Suo interesse per il nostro albergo!","protected":false},"author":1,"featured_media":0,"parent":0,"menu_order":0,"comment_status":"closed","ping_status":"closed","template":"","meta":{"_acf_changed":false,"footnotes":""},"class_list":["post-169","page","type-page","status-publish","hentry"],"acf":[],"yoast_head":"<!-- This site is optimized with the Yoast SEO plugin v27.5 - https:\/\/yoast.com\/product\/yoast-seo-wordpress\/ -->\n<title>Richiesta disponibilit\u00e1<\/title>\n<meta name=\"robots\" content=\"index, follow, max-snippet:-1, max-image-preview:large, max-video-preview:-1\" \/>\n<link rel=\"canonical\" href=\"https:\/\/www.andrianerhof.com\/it\/richiesta-disponibilita\/\" \/>\n<meta property=\"og:locale\" content=\"it_IT\" \/>\n<meta property=\"og:type\" content=\"article\" \/>\n<meta property=\"og:title\" content=\"Richiesta disponibilit\u00e1\" \/>\n<meta property=\"og:description\" content=\"Richiesta disponibilit\u00e1 ed informazioni Per richieste di disponibilit\u00e0 o informazioni riguardanti la nostra casa Vi preghiamo di compilare i campi sottostanti. Le risponderemo il prima possibile. Grazie per il Suo interesse per il nostro albergo!\" \/>\n<meta property=\"og:url\" content=\"https:\/\/www.andrianerhof.com\/it\/richiesta-disponibilita\/\" \/>\n<meta property=\"og:site_name\" content=\"Hotel Andrianerhof in S\u00fcdtirol\" \/>\n<meta property=\"article:modified_time\" content=\"2017-10-23T06:54:30+00:00\" \/>\n<meta name=\"twitter:card\" content=\"summary_large_image\" \/>\n<script type=\"application\/ld+json\" class=\"yoast-schema-graph\">{\"@context\":\"https:\\\/\\\/schema.org\",\"@graph\":[{\"@type\":\"WebPage\",\"@id\":\"https:\\\/\\\/www.andrianerhof.com\\\/it\\\/richiesta-disponibilita\\\/\",\"url\":\"https:\\\/\\\/www.andrianerhof.com\\\/it\\\/richiesta-disponibilita\\\/\",\"name\":\"Richiesta disponibilit\u00e1\",\"isPartOf\":{\"@id\":\"https:\\\/\\\/www.andrianerhof.com\\\/#website\"},\"datePublished\":\"2017-10-23T06:54:20+00:00\",\"dateModified\":\"2017-10-23T06:54:30+00:00\",\"breadcrumb\":{\"@id\":\"https:\\\/\\\/www.andrianerhof.com\\\/it\\\/richiesta-disponibilita\\\/#breadcrumb\"},\"inLanguage\":\"it\",\"potentialAction\":[{\"@type\":\"ReadAction\",\"target\":[\"https:\\\/\\\/www.andrianerhof.com\\\/it\\\/richiesta-disponibilita\\\/\"]}]},{\"@type\":\"BreadcrumbList\",\"@id\":\"https:\\\/\\\/www.andrianerhof.com\\\/it\\\/richiesta-disponibilita\\\/#breadcrumb\",\"itemListElement\":[{\"@type\":\"ListItem\",\"position\":1,\"name\":\"Startseite\",\"item\":\"https:\\\/\\\/www.andrianerhof.com\\\/it\\\/\"},{\"@type\":\"ListItem\",\"position\":2,\"name\":\"Richiesta disponibilit\u00e1\"}]},{\"@type\":\"WebSite\",\"@id\":\"https:\\\/\\\/www.andrianerhof.com\\\/#website\",\"url\":\"https:\\\/\\\/www.andrianerhof.com\\\/\",\"name\":\"Hotel Andrianerhof in S\u00fcdtirol\",\"description\":\"\",\"potentialAction\":[{\"@type\":\"SearchAction\",\"target\":{\"@type\":\"EntryPoint\",\"urlTemplate\":\"https:\\\/\\\/www.andrianerhof.com\\\/?s={search_term_string}\"},\"query-input\":{\"@type\":\"PropertyValueSpecification\",\"valueRequired\":true,\"valueName\":\"search_term_string\"}}],\"inLanguage\":\"it\"}]}<\/script>\n<!-- \/ Yoast SEO plugin. -->","yoast_head_json":{"title":"Richiesta disponibilit\u00e1","robots":{"index":"index","follow":"follow","max-snippet":"max-snippet:-1","max-image-preview":"max-image-preview:large","max-video-preview":"max-video-preview:-1"},"canonical":"https:\/\/www.andrianerhof.com\/it\/richiesta-disponibilita\/","og_locale":"it_IT","og_type":"article","og_title":"Richiesta disponibilit\u00e1","og_description":"Richiesta disponibilit\u00e1 ed informazioni Per richieste di disponibilit\u00e0 o informazioni riguardanti la nostra casa Vi preghiamo di compilare i campi sottostanti. Le risponderemo il prima possibile. Grazie per il Suo interesse per il nostro albergo!","og_url":"https:\/\/www.andrianerhof.com\/it\/richiesta-disponibilita\/","og_site_name":"Hotel Andrianerhof in S\u00fcdtirol","article_modified_time":"2017-10-23T06:54:30+00:00","twitter_card":"summary_large_image","schema":{"@context":"https:\/\/schema.org","@graph":[{"@type":"WebPage","@id":"https:\/\/www.andrianerhof.com\/it\/richiesta-disponibilita\/","url":"https:\/\/www.andrianerhof.com\/it\/richiesta-disponibilita\/","name":"Richiesta disponibilit\u00e1","isPartOf":{"@id":"https:\/\/www.andrianerhof.com\/#website"},"datePublished":"2017-10-23T06:54:20+00:00","dateModified":"2017-10-23T06:54:30+00:00","breadcrumb":{"@id":"https:\/\/www.andrianerhof.com\/it\/richiesta-disponibilita\/#breadcrumb"},"inLanguage":"it","potentialAction":[{"@type":"ReadAction","target":["https:\/\/www.andrianerhof.com\/it\/richiesta-disponibilita\/"]}]},{"@type":"BreadcrumbList","@id":"https:\/\/www.andrianerhof.com\/it\/richiesta-disponibilita\/#breadcrumb","itemListElement":[{"@type":"ListItem","position":1,"name":"Startseite","item":"https:\/\/www.andrianerhof.com\/it\/"},{"@type":"ListItem","position":2,"name":"Richiesta disponibilit\u00e1"}]},{"@type":"WebSite","@id":"https:\/\/www.andrianerhof.com\/#website","url":"https:\/\/www.andrianerhof.com\/","name":"Hotel Andrianerhof in S\u00fcdtirol","description":"","potentialAction":[{"@type":"SearchAction","target":{"@type":"EntryPoint","urlTemplate":"https:\/\/www.andrianerhof.com\/?s={search_term_string}"},"query-input":{"@type":"PropertyValueSpecification","valueRequired":true,"valueName":"search_term_string"}}],"inLanguage":"it"}]}},"_links":{"self":[{"href":"https:\/\/www.andrianerhof.com\/it\/wp-json\/wp\/v2\/pages\/169","targetHints":{"allow":["GET"]}}],"collection":[{"href":"https:\/\/www.andrianerhof.com\/it\/wp-json\/wp\/v2\/pages"}],"about":[{"href":"https:\/\/www.andrianerhof.com\/it\/wp-json\/wp\/v2\/types\/page"}],"author":[{"embeddable":true,"href":"https:\/\/www.andrianerhof.com\/it\/wp-json\/wp\/v2\/users\/1"}],"replies":[{"embeddable":true,"href":"https:\/\/www.andrianerhof.com\/it\/wp-json\/wp\/v2\/comments?post=169"}],"version-history":[{"count":3,"href":"https:\/\/www.andrianerhof.com\/it\/wp-json\/wp\/v2\/pages\/169\/revisions"}],"predecessor-version":[{"id":1317,"href":"https:\/\/www.andrianerhof.com\/it\/wp-json\/wp\/v2\/pages\/169\/revisions\/1317"}],"wp:attachment":[{"href":"https:\/\/www.andrianerhof.com\/it\/wp-json\/wp\/v2\/media?parent=169"}],"curies":[{"name":"wp","href":"https:\/\/api.w.org\/{rel}","templated":true}]}}