{"id":161,"date":"2017-10-23T08:48:06","date_gmt":"2017-10-23T06:48:06","guid":{"rendered":"http:\/\/www.andrianerhof.com\/?page_id=161\/"},"modified":"2024-05-22T23:24:05","modified_gmt":"2024-05-22T21:24:05","slug":"relax","status":"publish","type":"page","link":"https:\/\/www.andrianerhof.com\/it\/relax\/","title":{"rendered":"Relax"},"content":{"rendered":"<h1>Relax per l\u2019anima<\/h1>\n<p class=\"EinfacherAbsatz\">Se un giorno non siete propensi ad intraprendere grandi escursioni nell\u2019area circostante, troverete all\u2019interno della nostra struttura svariate possibilit\u00e0 per trascorrere la giornata senza annoiarvi.<\/p>\n<p class=\"EinfacherAbsatz\">Attivit\u00e0 o relax, a voi la scelta! Volete praticare un po\u2019 di sport? Ritagliatevi del tempo per esercitarvi nella nostra palestra o fate qualche bracciata rinfrescante nella nostra piscina coperta.<\/p>\n<p class=\"EinfacherAbsatz\">Chi invece desidera far vagare un po\u2019 l\u2019anima, trover\u00e0 pace e relax nella sauna*. Dopodich\u00e9 il nostro splendido prato prendisole vi inviter\u00e0 a riposarvi, rilassarvi e a sognare a cielo aperto, nel cuore dell\u2019incantevole paesaggio.<\/p>\n<p style=\"font-size: 12px;\">* a pagamento<\/p>\n","protected":false},"excerpt":{"rendered":"Relax per l\u2019anima Se un giorno non siete propensi ad intraprendere grandi escursioni nell\u2019area circostante, troverete all\u2019interno della nostra struttura svariate possibilit\u00e0 per trascorrere la giornata senza annoiarvi. Attivit\u00e0 o relax, a voi la scelta! Volete praticare un po\u2019 di sport? Ritagliatevi del tempo per esercitarvi nella nostra palestra o fate qualche bracciata rinfrescante nella&#8230; <a class=\"view-article\" href=\"https:\/\/www.andrianerhof.com\/it\/relax\/\">View Article<\/a>","protected":false},"author":1,"featured_media":0,"parent":0,"menu_order":0,"comment_status":"closed","ping_status":"closed","template":"","meta":{"_acf_changed":false,"footnotes":""},"class_list":["post-161","page","type-page","status-publish","hentry"],"acf":[],"yoast_head":"<!-- This site is optimized with the Yoast SEO plugin v27.3 - https:\/\/yoast.com\/product\/yoast-seo-wordpress\/ -->\n<title>Relax<\/title>\n<meta name=\"robots\" content=\"index, follow, max-snippet:-1, max-image-preview:large, max-video-preview:-1\" \/>\n<link rel=\"canonical\" href=\"https:\/\/www.andrianerhof.com\/it\/relax\/\" \/>\n<meta property=\"og:locale\" content=\"it_IT\" \/>\n<meta property=\"og:type\" content=\"article\" \/>\n<meta property=\"og:title\" content=\"Relax\" \/>\n<meta property=\"og:description\" content=\"Relax per l\u2019anima Se un giorno non siete propensi ad intraprendere grandi escursioni nell\u2019area circostante, troverete all\u2019interno della nostra struttura svariate possibilit\u00e0 per trascorrere la giornata senza annoiarvi. Attivit\u00e0 o relax, a voi la scelta! Volete praticare un po\u2019 di sport? Ritagliatevi del tempo per esercitarvi nella nostra palestra o fate qualche bracciata rinfrescante nella... View Article\" \/>\n<meta property=\"og:url\" content=\"https:\/\/www.andrianerhof.com\/it\/relax\/\" \/>\n<meta property=\"og:site_name\" content=\"Hotel Andrianerhof in S\u00fcdtirol\" \/>\n<meta property=\"article:modified_time\" content=\"2024-05-22T21:24:05+00:00\" \/>\n<meta name=\"twitter:card\" content=\"summary_large_image\" \/>\n<meta name=\"twitter:label1\" content=\"Est. reading time\" \/>\n\t<meta name=\"twitter:data1\" content=\"1 minute\" \/>\n<script type=\"application\/ld+json\" class=\"yoast-schema-graph\">{\"@context\":\"https:\\\/\\\/schema.org\",\"@graph\":[{\"@type\":\"WebPage\",\"@id\":\"https:\\\/\\\/www.andrianerhof.com\\\/it\\\/relax\\\/\",\"url\":\"https:\\\/\\\/www.andrianerhof.com\\\/it\\\/relax\\\/\",\"name\":\"Relax\",\"isPartOf\":{\"@id\":\"https:\\\/\\\/www.andrianerhof.com\\\/#website\"},\"datePublished\":\"2017-10-23T06:48:06+00:00\",\"dateModified\":\"2024-05-22T21:24:05+00:00\",\"breadcrumb\":{\"@id\":\"https:\\\/\\\/www.andrianerhof.com\\\/it\\\/relax\\\/#breadcrumb\"},\"inLanguage\":\"it\",\"potentialAction\":[{\"@type\":\"ReadAction\",\"target\":[\"https:\\\/\\\/www.andrianerhof.com\\\/it\\\/relax\\\/\"]}]},{\"@type\":\"BreadcrumbList\",\"@id\":\"https:\\\/\\\/www.andrianerhof.com\\\/it\\\/relax\\\/#breadcrumb\",\"itemListElement\":[{\"@type\":\"ListItem\",\"position\":1,\"name\":\"Startseite\",\"item\":\"https:\\\/\\\/www.andrianerhof.com\\\/it\\\/\"},{\"@type\":\"ListItem\",\"position\":2,\"name\":\"Relax\"}]},{\"@type\":\"WebSite\",\"@id\":\"https:\\\/\\\/www.andrianerhof.com\\\/#website\",\"url\":\"https:\\\/\\\/www.andrianerhof.com\\\/\",\"name\":\"Hotel Andrianerhof in S\u00fcdtirol\",\"description\":\"\",\"potentialAction\":[{\"@type\":\"SearchAction\",\"target\":{\"@type\":\"EntryPoint\",\"urlTemplate\":\"https:\\\/\\\/www.andrianerhof.com\\\/?s={search_term_string}\"},\"query-input\":{\"@type\":\"PropertyValueSpecification\",\"valueRequired\":true,\"valueName\":\"search_term_string\"}}],\"inLanguage\":\"it\"}]}<\/script>\n<!-- \/ Yoast SEO plugin. -->","yoast_head_json":{"title":"Relax","robots":{"index":"index","follow":"follow","max-snippet":"max-snippet:-1","max-image-preview":"max-image-preview:large","max-video-preview":"max-video-preview:-1"},"canonical":"https:\/\/www.andrianerhof.com\/it\/relax\/","og_locale":"it_IT","og_type":"article","og_title":"Relax","og_description":"Relax per l\u2019anima Se un giorno non siete propensi ad intraprendere grandi escursioni nell\u2019area circostante, troverete all\u2019interno della nostra struttura svariate possibilit\u00e0 per trascorrere la giornata senza annoiarvi. Attivit\u00e0 o relax, a voi la scelta! Volete praticare un po\u2019 di sport? Ritagliatevi del tempo per esercitarvi nella nostra palestra o fate qualche bracciata rinfrescante nella... View Article","og_url":"https:\/\/www.andrianerhof.com\/it\/relax\/","og_site_name":"Hotel Andrianerhof in S\u00fcdtirol","article_modified_time":"2024-05-22T21:24:05+00:00","twitter_card":"summary_large_image","twitter_misc":{"Est. reading time":"1 minute"},"schema":{"@context":"https:\/\/schema.org","@graph":[{"@type":"WebPage","@id":"https:\/\/www.andrianerhof.com\/it\/relax\/","url":"https:\/\/www.andrianerhof.com\/it\/relax\/","name":"Relax","isPartOf":{"@id":"https:\/\/www.andrianerhof.com\/#website"},"datePublished":"2017-10-23T06:48:06+00:00","dateModified":"2024-05-22T21:24:05+00:00","breadcrumb":{"@id":"https:\/\/www.andrianerhof.com\/it\/relax\/#breadcrumb"},"inLanguage":"it","potentialAction":[{"@type":"ReadAction","target":["https:\/\/www.andrianerhof.com\/it\/relax\/"]}]},{"@type":"BreadcrumbList","@id":"https:\/\/www.andrianerhof.com\/it\/relax\/#breadcrumb","itemListElement":[{"@type":"ListItem","position":1,"name":"Startseite","item":"https:\/\/www.andrianerhof.com\/it\/"},{"@type":"ListItem","position":2,"name":"Relax"}]},{"@type":"WebSite","@id":"https:\/\/www.andrianerhof.com\/#website","url":"https:\/\/www.andrianerhof.com\/","name":"Hotel Andrianerhof in S\u00fcdtirol","description":"","potentialAction":[{"@type":"SearchAction","target":{"@type":"EntryPoint","urlTemplate":"https:\/\/www.andrianerhof.com\/?s={search_term_string}"},"query-input":{"@type":"PropertyValueSpecification","valueRequired":true,"valueName":"search_term_string"}}],"inLanguage":"it"}]}},"_links":{"self":[{"href":"https:\/\/www.andrianerhof.com\/it\/wp-json\/wp\/v2\/pages\/161","targetHints":{"allow":["GET"]}}],"collection":[{"href":"https:\/\/www.andrianerhof.com\/it\/wp-json\/wp\/v2\/pages"}],"about":[{"href":"https:\/\/www.andrianerhof.com\/it\/wp-json\/wp\/v2\/types\/page"}],"author":[{"embeddable":true,"href":"https:\/\/www.andrianerhof.com\/it\/wp-json\/wp\/v2\/users\/1"}],"replies":[{"embeddable":true,"href":"https:\/\/www.andrianerhof.com\/it\/wp-json\/wp\/v2\/comments?post=161"}],"version-history":[{"count":5,"href":"https:\/\/www.andrianerhof.com\/it\/wp-json\/wp\/v2\/pages\/161\/revisions"}],"predecessor-version":[{"id":2450,"href":"https:\/\/www.andrianerhof.com\/it\/wp-json\/wp\/v2\/pages\/161\/revisions\/2450"}],"wp:attachment":[{"href":"https:\/\/www.andrianerhof.com\/it\/wp-json\/wp\/v2\/media?parent=161"}],"curies":[{"name":"wp","href":"https:\/\/api.w.org\/{rel}","templated":true}]}}